{"id":1495,"date":"2019-11-15T00:03:18","date_gmt":"2019-11-15T03:03:18","guid":{"rendered":"https:\/\/mddragons.com\/?post_type=product&#038;p=1495"},"modified":"2024-06-22T23:23:16","modified_gmt":"2024-06-23T02:23:16","slug":"ello","status":"publish","type":"product","link":"https:\/\/mddragons.com\/en\/produto\/ello\/","title":{"rendered":"&#8216;Ello &#8211; Pe\u00e7a \u00fanica \/ N\u00e3o est\u00e1 \u00e0 venda"},"content":{"rendered":"<p>Not for sale<br \/>\nSculpture name: <strong>&#8216;Ello<\/strong><br \/>\nInspired by <em>the Worm<\/em>*<br \/>\nUnique, handmade<br \/>\n7cm of spine length<\/p>\n<p><em>*Worm(Labyrinth 1986)<\/em><\/p>","protected":false},"excerpt":{"rendered":"<p>Not for sale Sculpture name: &#8216;Ello Inspired by the Worm* Unique, handmade 7cm of spine length *Worm(Labyrinth 1986)<\/p>\n","protected":false},"featured_media":1496,"comment_status":"closed","ping_status":"closed","template":"","meta":[],"product_brand":[],"product_cat":[18],"product_tag":[],"class_list":{"0":"post-1495","1":"product","2":"type-product","3":"status-publish","4":"has-post-thumbnail","6":"product_cat-baby-dragons","8":"first","9":"instock","10":"shipping-taxable","11":"product-type-simple"},"_links":{"self":[{"href":"https:\/\/mddragons.com\/en\/wp-json\/wp\/v2\/product\/1495","targetHints":{"allow":["GET"]}}],"collection":[{"href":"https:\/\/mddragons.com\/en\/wp-json\/wp\/v2\/product"}],"about":[{"href":"https:\/\/mddragons.com\/en\/wp-json\/wp\/v2\/types\/product"}],"replies":[{"embeddable":true,"href":"https:\/\/mddragons.com\/en\/wp-json\/wp\/v2\/comments?post=1495"}],"wp:featuredmedia":[{"embeddable":true,"href":"https:\/\/mddragons.com\/en\/wp-json\/wp\/v2\/media\/1496"}],"wp:attachment":[{"href":"https:\/\/mddragons.com\/en\/wp-json\/wp\/v2\/media?parent=1495"}],"wp:term":[{"taxonomy":"product_brand","embeddable":true,"href":"https:\/\/mddragons.com\/en\/wp-json\/wp\/v2\/product_brand?post=1495"},{"taxonomy":"product_cat","embeddable":true,"href":"https:\/\/mddragons.com\/en\/wp-json\/wp\/v2\/product_cat?post=1495"},{"taxonomy":"product_tag","embeddable":true,"href":"https:\/\/mddragons.com\/en\/wp-json\/wp\/v2\/product_tag?post=1495"}],"curies":[{"name":"wp","href":"https:\/\/api.w.org\/{rel}","templated":true}]}}